{"id":6701,"date":"2021-12-15T11:11:50","date_gmt":"2021-12-15T10:11:50","guid":{"rendered":"https:\/\/leclosdesgites.com\/?page_id=6701"},"modified":"2025-04-13T18:08:18","modified_gmt":"2025-04-13T16:08:18","slug":"nos-petites-attentions","status":"publish","type":"page","link":"https:\/\/leclosdesgites.com\/en\/nos-petites-attentions\/","title":{"rendered":"Nos petites attentions"},"content":{"rendered":"[et_pb_section fb_built=&#8221;1&#8243; fullwidth=&#8221;on&#8221; admin_label=&#8221;Header&#8221; _builder_version=&#8221;4.14.2&#8243; background_color_gradient_start=&#8221;rgba(255,255,255,0.66)&#8221; background_color_gradient_end=&#8221;rgba(255,255,255,0)&#8221; background_image=&#8221;https:\/\/leclosdesgites.com\/wp-content\/uploads\/2021\/12\/63090a56c7_50179363_adobestock-236126710-monticellllo-1600.jpg&#8221; custom_padding=&#8221;|||&#8221; animation_style=&#8221;slide&#8221; animation_direction=&#8221;top&#8221; animation_intensity_slide=&#8221;2%&#8221; global_colors_info=&#8221;{}&#8221;][et_pb_fullwidth_header background_overlay_color=&#8221;rgba(255,255,255,0.6)&#8221; content_max_width=&#8221;700px&#8221; content_max_width_tablet=&#8221;100%&#8221; content_max_width_phone=&#8221;&#8221; content_max_width_last_edited=&#8221;on|desktop&#8221; _builder_version=&#8221;4.14.2&#8243; title_font=&#8221;Gilda Display|700|||||||&#8221; title_font_size=&#8221;60px&#8221; title_line_height=&#8221;1.4em&#8221; content_font=&#8221;||||||||&#8221; content_font_size=&#8221;17px&#8221; content_line_height=&#8221;1.9em&#8221; subhead_font=&#8221;|600|||||||&#8221; subhead_font_size=&#8221;20px&#8221; subhead_line_height=&#8221;1.8em&#8221; background_enable_color=&#8221;off&#8221; background_enable_image=&#8221;off&#8221; custom_button_one=&#8221;on&#8221; button_one_text_size=&#8221;14px&#8221; button_one_text_color=&#8221;#ffffff&#8221; button_one_bg_color=&#8221;#8300e9&#8243; button_one_bg_color_gradient_start=&#8221;#d883f8&#8243; button_one_bg_color_gradient_end=&#8221;#352DBE&#8221; button_one_bg_color_gradient_direction=&#8221;90deg&#8221; button_one_border_width=&#8221;10px&#8221; button_one_border_color=&#8221;rgba(0,0,0,0)&#8221; button_one_border_radius=&#8221;100px&#8221; button_one_letter_spacing=&#8221;3px&#8221; button_one_font=&#8221;Roboto|700||on|||||&#8221; custom_button_two=&#8221;on&#8221; button_two_text_size=&#8221;14px&#8221; button_two_text_color=&#8221;#ffffff&#8221; button_two_bg_color=&#8221;#06c8ff&#8221; button_two_border_width=&#8221;10px&#8221; button_two_border_color=&#8221;rgba(0,0,0,0)&#8221; button_two_border_radius=&#8221;100px&#8221; button_two_letter_spacing=&#8221;3px&#8221; button_two_font=&#8221;Roboto|700||on|||||&#8221; background_layout=&#8221;light&#8221; custom_margin=&#8221;||||false&#8221; custom_padding=&#8221;8vw||8vw||true&#8221; custom_padding_tablet=&#8221;250px||250px||true&#8221; custom_padding_last_edited=&#8221;off|desktop&#8221; title_font_size_tablet=&#8221;40px&#8221; title_font_size_phone=&#8221;32px&#8221; title_font_size_last_edited=&#8221;on|desktop&#8221; button_one_text_color_hover=&#8221;#ffffff&#8221; button_two_text_color_hover=&#8221;#ffffff&#8221; button_one_letter_spacing_hover=&#8221;3px&#8221; button_two_letter_spacing_hover=&#8221;3px&#8221; global_colors_info=&#8221;{}&#8221; button_one_text_size__hover_enabled=&#8221;off&#8221; button_two_text_size__hover_enabled=&#8221;off&#8221; button_one_text_color__hover_enabled=&#8221;on&#8221; button_one_text_color__hover=&#8221;#ffffff&#8221; button_two_text_color__hover_enabled=&#8221;on&#8221; button_two_text_color__hover=&#8221;#ffffff&#8221; button_one_border_width__hover_enabled=&#8221;off&#8221; button_two_border_width__hover_enabled=&#8221;off&#8221; button_one_border_color__hover_enabled=&#8221;off&#8221; button_two_border_color__hover_enabled=&#8221;off&#8221; button_one_border_radius__hover_enabled=&#8221;off&#8221; button_two_border_radius__hover_enabled=&#8221;off&#8221; button_one_letter_spacing__hover_enabled=&#8221;on&#8221; button_one_letter_spacing__hover=&#8221;3px&#8221; button_two_letter_spacing__hover_enabled=&#8221;on&#8221; button_two_letter_spacing__hover=&#8221;3px&#8221; button_one_bg_color__hover_enabled=&#8221;off&#8221; button_two_bg_color__hover_enabled=&#8221;off&#8221;]\n<h1>Nos petites attentions<\/h1>\n[\/et_pb_fullwidth_header][\/et_pb_section][et_pb_section fb_built=&#8221;1&#8243; _builder_version=&#8221;4.14.2&#8243; _module_preset=&#8221;default&#8221; global_colors_info=&#8221;{}&#8221;][et_pb_row _builder_version=&#8221;4.14.2&#8243; _module_preset=&#8221;default&#8221; global_colors_info=&#8221;{}&#8221;][et_pb_column type=&#8221;4_4&#8243; _builder_version=&#8221;4.14.2&#8243; _module_preset=&#8221;default&#8221; global_colors_info=&#8221;{}&#8221;][et_pb_text _builder_version=&#8221;4.14.2&#8243; _module_preset=&#8221;default&#8221; text_text_color=&#8221;#303030&#8243; text_font_size=&#8221;16px&#8221; header_font=&#8221;Gilda Display|700|||||||&#8221; header_text_align=&#8221;center&#8221; header_font_size=&#8221;34px&#8221; header_2_font=&#8221;Gilda Display|700|||||||&#8221; header_2_text_align=&#8221;center&#8221; text_font_size_tablet=&#8221;16px&#8221; text_font_size_phone=&#8221;16px&#8221; text_font_size_last_edited=&#8221;on|desktop&#8221; header_font_size_tablet=&#8221;34px&#8221; header_font_size_phone=&#8221;28px&#8221; header_font_size_last_edited=&#8221;on|desktop&#8221; header_line_height_tablet=&#8221;&#8221; header_line_height_phone=&#8221;1.3em&#8221; header_line_height_last_edited=&#8221;on|phone&#8221; header_2_line_height_tablet=&#8221;&#8221; header_2_line_height_phone=&#8221;1.3em&#8221; header_2_line_height_last_edited=&#8221;on|phone&#8221; text_orientation_tablet=&#8221;&#8221; text_orientation_phone=&#8221;&#8221; text_orientation_last_edited=&#8221;on|desktop&#8221; global_colors_info=&#8221;{}&#8221;]\n<h2><span data-token-index=\"0\" class=\"notion-enable-hover\" data-reactroot=\"\">Les petites attentions d\u2019Odile et Laurent<\/span><\/h2>\n<p style=\"text-align: center;\"><span data-token-index=\"0\" class=\"notion-enable-hover\" data-reactroot=\"\"><\/span><\/p>\n<p style=\"text-align: center;\"><span data-token-index=\"0\" class=\"notion-enable-hover\" data-reactroot=\"\">Le Clos des G\u00eetes fait tout pour vous proposer des services de qualit\u00e9, utiles et pratiques, parce que pour nous c\u2019est important de vous faciliter vos vacances avec nos petites attentions.<\/span><\/p>\n<p style=\"text-align: center;\"><span data-token-index=\"0\" class=\"notion-enable-hover\" data-reactroot=\"\">C&#8217;est \u00e7a les vacances au Clos des G\u00eetes<\/span><\/p>\n[\/et_pb_text][\/et_pb_column][\/et_pb_row][\/et_pb_section][et_pb_section fb_built=&#8221;1&#8243; admin_label=&#8221;About&#8221; _builder_version=&#8221;3.22&#8243; global_colors_info=&#8221;{}&#8221;][et_pb_row column_structure=&#8221;1_2,1_2&#8243; padding_top_bottom_link_1=&#8221;true&#8221; padding_left_right_link_1=&#8221;true&#8221; _builder_version=&#8221;4.14.2&#8243; custom_margin=&#8221;|auto|82px|auto||&#8221; custom_margin_tablet=&#8221;|auto|82px|auto||&#8221; custom_margin_phone=&#8221;-115px|auto|82px|auto|false|false&#8221; custom_margin_last_edited=&#8221;on|phone&#8221; global_colors_info=&#8221;{}&#8221;][et_pb_column type=&#8221;1_2&#8243; _builder_version=&#8221;4.14.2&#8243; use_background_color_gradient=&#8221;on&#8221; background_color_gradient_start=&#8221;#ffffff&#8221; background_color_gradient_end=&#8221;#ffc315&#8243; background_color_gradient_type=&#8221;radial&#8221; background_color_gradient_direction_radial=&#8221;top left&#8221; background_color_gradient_start_position=&#8221;60%&#8221; background_enable_image=&#8221;off&#8221; custom_padding=&#8221;50px|50px|50px|50px&#8221; custom_padding_tablet=&#8221;50px|50px|50px|50px&#8221; custom_padding_phone=&#8221;20px|20px|20px|20px|true|true&#8221; custom_padding_last_edited=&#8221;on|phone&#8221; global_colors_info=&#8221;{}&#8221; padding_phone=&#8221;20px|20px|20px|20px|true|true&#8221; padding_last_edited=&#8221;on|phone&#8221; custom_padding__hover=&#8221;|||&#8221;][et_pb_image src=&#8221;https:\/\/leclosdesgites.com\/wp-content\/uploads\/2020\/05\/piscine-scaled.jpg&#8221; alt=&#8221;maisons de vacances avec piscine le clos des gites&#8221; title_text=&#8221;piscine&#8221; align_tablet=&#8221;center&#8221; align_phone=&#8221;center&#8221; align_last_edited=&#8221;on|desktop&#8221; _builder_version=&#8221;4.14.2&#8243; animation_style=&#8221;zoom&#8221; animation_intensity_zoom=&#8221;10%&#8221; box_shadow_style=&#8221;preset1&#8243; box_shadow_vertical=&#8221;32px&#8221; box_shadow_blur=&#8221;100px&#8221; box_shadow_color=&#8221;rgba(0,0,0,0.15)&#8221; global_colors_info=&#8221;{}&#8221;][\/et_pb_image][\/et_pb_column][et_pb_column type=&#8221;1_2&#8243; _builder_version=&#8221;3.25&#8243; custom_padding=&#8221;|||&#8221; custom_padding_tablet=&#8221;0px|||&#8221; custom_padding_last_edited=&#8221;off|desktop&#8221; global_colors_info=&#8221;{}&#8221; padding_tablet=&#8221;0px|||&#8221; padding_last_edited=&#8221;off|desktop&#8221; custom_padding__hover=&#8221;|||&#8221;][et_pb_text _builder_version=&#8221;4.14.2&#8243; text_font=&#8221;||||||||&#8221; text_text_color=&#8221;#303030&#8243; text_font_size=&#8221;16px&#8221; text_line_height=&#8221;1.9em&#8221; header_font=&#8221;||||||||&#8221; header_2_font=&#8221;Gilda Display|300|||||||&#8221; header_2_font_size=&#8221;50px&#8221; header_2_line_height=&#8221;1.4em&#8221; custom_margin=&#8221;-35px|||||&#8221; custom_margin_tablet=&#8221;-35px|||||&#8221; custom_margin_phone=&#8221;-15px||||false|false&#8221; custom_margin_last_edited=&#8221;on|phone&#8221; header_2_font_size_tablet=&#8221;40px&#8221; header_2_font_size_phone=&#8221;32px&#8221; header_2_font_size_last_edited=&#8221;on|phone&#8221; global_colors_info=&#8221;{}&#8221;]\n<h2>Tout est pr\u00eat \u00e0 votre arriv\u00e9e<\/h2>\n<p><span style=\"font-size: 16px;\">Nous attachons une grande importance \u00e0 vous accueillir et vous faire passer des vacances agr\u00e9ables !<\/span><\/p>\n<p><span style=\"font-size: 16px;\"><\/span><\/p>\n<p><span style=\"font-size: 16px;\">Pour ce faire, nous vous \u00e9vitons les \u00ab corv\u00e9es \u00bbinutiles.<\/span><\/p>\n<ul>\n<li><span style=\"font-size: 16px;\">Les lits sont faits<\/span><\/li>\n<li><span style=\"font-size: 16px;\">Le linge sent bon le frais<\/span><\/li>\n<li><span style=\"font-size: 16px;\">Le premier n\u00e9cessaire comme le gel douche, le savon et le liquide vaisselle sont \u00e0 disposition ainsi que du papier toilette.<\/span><\/li>\n<\/ul>\n<p><span style=\"font-size: 16px;\">Tout est pr\u00eat pour votre arriv\u00e9e. Il n\u2019y a plus qu\u2019\u00e0 profiter de votre s\u00e9jour tranquillement. Vous aurez le temps de faire les courses demain.\u00a0<\/span><\/p>\n[\/et_pb_text][\/et_pb_column][\/et_pb_row][et_pb_row column_structure=&#8221;1_2,1_2&#8243; padding_top_bottom_link_1=&#8221;true&#8221; padding_left_right_link_1=&#8221;true&#8221; _builder_version=&#8221;4.14.2&#8243; custom_margin=&#8221;|auto|82px|auto||&#8221; custom_margin_tablet=&#8221;|auto|82px|auto||&#8221; custom_margin_phone=&#8221;-115px|auto|82px|auto|false|false&#8221; custom_margin_last_edited=&#8221;on|phone&#8221; global_colors_info=&#8221;{}&#8221;][et_pb_column type=&#8221;1_2&#8243; _builder_version=&#8221;4.14.2&#8243; use_background_color_gradient=&#8221;on&#8221; background_color_gradient_start=&#8221;#ffffff&#8221; background_color_gradient_end=&#8221;#ffc315&#8243; background_color_gradient_type=&#8221;radial&#8221; background_color_gradient_direction_radial=&#8221;top left&#8221; background_color_gradient_start_position=&#8221;60%&#8221; background_enable_image=&#8221;off&#8221; custom_padding=&#8221;50px|50px|50px|50px&#8221; custom_padding_tablet=&#8221;50px|50px|50px|50px&#8221; custom_padding_phone=&#8221;20px|20px|20px|20px|true|true&#8221; custom_padding_last_edited=&#8221;on|phone&#8221; global_colors_info=&#8221;{}&#8221; padding_phone=&#8221;20px|20px|20px|20px|true|true&#8221; padding_last_edited=&#8221;on|phone&#8221; custom_padding__hover=&#8221;|||&#8221;][et_pb_image src=&#8221;https:\/\/leclosdesgites.com\/wp-content\/uploads\/2021\/12\/fruits_m.jpg&#8221; title_text=&#8221;fruits_m&#8221; align_tablet=&#8221;center&#8221; align_phone=&#8221;center&#8221; align_last_edited=&#8221;on|desktop&#8221; _builder_version=&#8221;4.14.2&#8243; animation_style=&#8221;zoom&#8221; animation_intensity_zoom=&#8221;10%&#8221; box_shadow_style=&#8221;preset1&#8243; box_shadow_vertical=&#8221;32px&#8221; box_shadow_blur=&#8221;100px&#8221; box_shadow_color=&#8221;rgba(0,0,0,0.15)&#8221; global_colors_info=&#8221;{}&#8221;][\/et_pb_image][\/et_pb_column][et_pb_column type=&#8221;1_2&#8243; _builder_version=&#8221;3.25&#8243; custom_padding=&#8221;|||&#8221; custom_padding_tablet=&#8221;0px|||&#8221; custom_padding_last_edited=&#8221;off|desktop&#8221; global_colors_info=&#8221;{}&#8221; padding_tablet=&#8221;0px|||&#8221; padding_last_edited=&#8221;off|desktop&#8221; custom_padding__hover=&#8221;|||&#8221;][et_pb_text _builder_version=&#8221;4.14.2&#8243; text_font=&#8221;||||||||&#8221; text_text_color=&#8221;#303030&#8243; text_font_size=&#8221;16px&#8221; text_line_height=&#8221;1.9em&#8221; header_font=&#8221;||||||||&#8221; header_2_font=&#8221;Gilda Display|300|||||||&#8221; header_2_font_size=&#8221;50px&#8221; header_2_line_height=&#8221;1.4em&#8221; custom_margin=&#8221;15px||||false|false&#8221; header_2_font_size_tablet=&#8221;40px&#8221; header_2_font_size_phone=&#8221;32px&#8221; header_2_font_size_last_edited=&#8221;on|phone&#8221; global_colors_info=&#8221;{}&#8221;]\n<h2>Un panier gourmand vous attend<\/h2>\n<p>En fonction de la saison, des l\u00e9gumes, des fruits, une boisson sans alcool, une eau, un produit r\u00e9gional ou une bouteille de ros\u00e9 du pays vous sont offerts gracieusement.<\/p>\n<p>Rien de tel pour d\u00e9marrer des vacances<span data-token-index=\"1\" class=\"notion-enable-hover\" data-reactroot=\"\">.<\/span> De plus les gla\u00e7ons sont au frais. Vous pouvez profiter pleinement de votre maison de vacances.<\/p>\n<p>C\u2019est comme cela que l\u2019on voit les vacances au\u00a0<span data-token-index=\"1\" class=\"notion-enable-hover\" data-reactroot=\"\">Clos des g\u00eetes<\/span>\u00a0!<\/p>\n[\/et_pb_text][\/et_pb_column][\/et_pb_row][et_pb_row _builder_version=&#8221;4.14.2&#8243; _module_preset=&#8221;default&#8221; global_colors_info=&#8221;{}&#8221;][et_pb_column type=&#8221;4_4&#8243; _builder_version=&#8221;4.14.2&#8243; _module_preset=&#8221;default&#8221; global_colors_info=&#8221;{}&#8221;][et_pb_button button_url=&#8221;https:\/\/leclosdesgites.com\/contact-reservation\/&#8221; button_text=&#8221;Contactez-nous pour plus d&#8217;informations&#8221; button_alignment=&#8221;center&#8221; _builder_version=&#8221;4.14.2&#8243; _module_preset=&#8221;default&#8221; custom_button=&#8221;on&#8221; button_text_color=&#8221;#000000&#8243; button_bg_color=&#8221;#ffc315&#8243; button_border_color=&#8221;RGBA(255,255,255,0)&#8221; button_text_size_tablet=&#8221;&#8221; button_text_size_phone=&#8221;14px&#8221; button_text_size_last_edited=&#8221;on|phone&#8221; global_colors_info=&#8221;{}&#8221;][\/et_pb_button][\/et_pb_column][\/et_pb_row][\/et_pb_section][et_pb_section fb_built=&#8221;1&#8243; _builder_version=&#8221;4.14.2&#8243; _module_preset=&#8221;default&#8221; global_colors_info=&#8221;{}&#8221;][\/et_pb_section]\n","protected":false},"excerpt":{"rendered":"<p>Nos petites attentionsLes petites attentions d\u2019Odile et Laurent Le Clos des G\u00eetes fait tout pour vous proposer des services de qualit\u00e9, utiles et pratiques, parce que pour nous c\u2019est important de vous faciliter vos vacances avec nos petites attentions. C&#8217;est \u00e7a les vacances au Clos des G\u00eetesTout est pr\u00eat \u00e0 votre arriv\u00e9e Nous attachons une [&hellip;]<\/p>\n","protected":false},"author":2,"featured_media":0,"parent":0,"menu_order":0,"comment_status":"closed","ping_status":"closed","template":"","meta":{"_et_pb_use_builder":"on","_et_pb_old_content":"","_et_gb_content_width":"","content-type":"","_uag_custom_page_level_css":"","_monsterinsights_skip_tracking":false,"_monsterinsights_sitenote_active":false,"_monsterinsights_sitenote_note":"","_monsterinsights_sitenote_category":0,"_uf_show_specific_survey":0,"_uf_disable_surveys":false},"yoast_head":"<!-- This site is optimized with the Yoast SEO plugin v21.8.1 - https:\/\/yoast.com\/wordpress\/plugins\/seo\/ -->\n<title>Nos petites attentions<\/title>\n<meta name=\"robots\" content=\"index, follow, max-snippet:-1, max-image-preview:large, max-video-preview:-1\" \/>\n<link rel=\"canonical\" href=\"https:\/\/leclosdesgites.com\/en\/nos-petites-attentions\/\" \/>\n<meta property=\"og:locale\" content=\"en_US\" \/>\n<meta property=\"og:locale:alternate\" content=\"fr_FR\" \/>\n<meta property=\"og:type\" content=\"article\" \/>\n<meta property=\"og:title\" content=\"Nos petites attentions\" \/>\n<meta property=\"og:description\" content=\"Nos petites attentionsLes petites attentions d\u2019Odile et Laurent Le Clos des G\u00eetes fait tout pour vous proposer des services de qualit\u00e9, utiles et pratiques, parce que pour nous c\u2019est important de vous faciliter vos vacances avec nos petites attentions. C&#039;est \u00e7a les vacances au Clos des G\u00eetesTout est pr\u00eat \u00e0 votre arriv\u00e9e Nous attachons une [&hellip;]\" \/>\n<meta property=\"og:url\" content=\"https:\/\/leclosdesgites.com\/en\/nos-petites-attentions\/\" \/>\n<meta property=\"og:site_name\" content=\"Le Clos des Gites\" \/>\n<meta property=\"article:publisher\" content=\"https:\/\/www.facebook.com\/leclosdesgites\/\" \/>\n<meta property=\"article:modified_time\" content=\"2025-04-13T16:08:18+00:00\" \/>\n<meta name=\"twitter:card\" content=\"summary_large_image\" \/>\n<script type=\"application\/ld+json\" class=\"yoast-schema-graph\">{\"@context\":\"https:\/\/schema.org\",\"@graph\":[{\"@type\":\"WebPage\",\"@id\":\"https:\/\/leclosdesgites.com\/nos-petites-attentions\/\",\"url\":\"https:\/\/leclosdesgites.com\/nos-petites-attentions\/\",\"name\":\"Nos petites attentions\",\"isPartOf\":{\"@id\":\"https:\/\/leclosdesgites.com\/#website\"},\"datePublished\":\"2021-12-15T10:11:50+00:00\",\"dateModified\":\"2025-04-13T16:08:18+00:00\",\"breadcrumb\":{\"@id\":\"https:\/\/leclosdesgites.com\/nos-petites-attentions\/#breadcrumb\"},\"inLanguage\":\"en-US\",\"potentialAction\":[{\"@type\":\"ReadAction\",\"target\":[\"https:\/\/leclosdesgites.com\/nos-petites-attentions\/\"]}]},{\"@type\":\"BreadcrumbList\",\"@id\":\"https:\/\/leclosdesgites.com\/nos-petites-attentions\/#breadcrumb\",\"itemListElement\":[{\"@type\":\"ListItem\",\"position\":1,\"name\":\"Accueil\",\"item\":\"https:\/\/leclosdesgites.com\/\"},{\"@type\":\"ListItem\",\"position\":2,\"name\":\"Nos petites attentions\"}]},{\"@type\":\"WebSite\",\"@id\":\"https:\/\/leclosdesgites.com\/#website\",\"url\":\"https:\/\/leclosdesgites.com\/\",\"name\":\"Le Clos des Gites\",\"description\":\"Gite familial avec piscine dans les Alpes de Haute Provence\",\"potentialAction\":[{\"@type\":\"SearchAction\",\"target\":{\"@type\":\"EntryPoint\",\"urlTemplate\":\"https:\/\/leclosdesgites.com\/?s={search_term_string}\"},\"query-input\":\"required name=search_term_string\"}],\"inLanguage\":\"en-US\"}]}<\/script>\n<!-- \/ Yoast SEO plugin. -->","yoast_head_json":{"title":"Nos petites attentions","robots":{"index":"index","follow":"follow","max-snippet":"max-snippet:-1","max-image-preview":"max-image-preview:large","max-video-preview":"max-video-preview:-1"},"canonical":"https:\/\/leclosdesgites.com\/en\/nos-petites-attentions\/","og_locale":"en_US","og_type":"article","og_title":"[:fr]Nos petites attentions[:] - Le Clos des Gites","og_description":"Nos petites attentionsLes petites attentions d\u2019Odile et Laurent Le Clos des G\u00eetes fait tout pour vous proposer des services de qualit\u00e9, utiles et pratiques, parce que pour nous c\u2019est important de vous faciliter vos vacances avec nos petites attentions. C'est \u00e7a les vacances au Clos des G\u00eetesTout est pr\u00eat \u00e0 votre arriv\u00e9e Nous attachons une [&hellip;]","og_url":"https:\/\/leclosdesgites.com\/en\/nos-petites-attentions\/","og_site_name":"Le Clos des Gites","article_publisher":"https:\/\/www.facebook.com\/leclosdesgites\/","article_modified_time":"2025-04-13T16:08:18+00:00","twitter_card":"summary_large_image","schema":{"@context":"https:\/\/schema.org","@graph":[{"@type":"WebPage","@id":"https:\/\/leclosdesgites.com\/nos-petites-attentions\/","url":"https:\/\/leclosdesgites.com\/nos-petites-attentions\/","name":"Nos petites attentions","isPartOf":{"@id":"https:\/\/leclosdesgites.com\/#website"},"datePublished":"2021-12-15T10:11:50+00:00","dateModified":"2025-04-13T16:08:18+00:00","breadcrumb":{"@id":"https:\/\/leclosdesgites.com\/nos-petites-attentions\/#breadcrumb"},"inLanguage":"en-US","potentialAction":[{"@type":"ReadAction","target":["https:\/\/leclosdesgites.com\/nos-petites-attentions\/"]}]},{"@type":"BreadcrumbList","@id":"https:\/\/leclosdesgites.com\/nos-petites-attentions\/#breadcrumb","itemListElement":[{"@type":"ListItem","position":1,"name":"Accueil","item":"https:\/\/leclosdesgites.com\/"},{"@type":"ListItem","position":2,"name":"Nos petites attentions"}]},{"@type":"WebSite","@id":"https:\/\/leclosdesgites.com\/#website","url":"https:\/\/leclosdesgites.com\/","name":"Le Clos des Gites","description":"Gite familial avec piscine dans les Alpes de Haute Provence","potentialAction":[{"@type":"SearchAction","target":{"@type":"EntryPoint","urlTemplate":"https:\/\/leclosdesgites.com\/?s={search_term_string}"},"query-input":"required name=search_term_string"}],"inLanguage":"en-US"}]}},"jetpack_sharing_enabled":true,"uagb_featured_image_src":{"full":false,"thumbnail":false,"medium":false,"medium_large":false,"large":false,"1536x1536":false,"2048x2048":false,"et-pb-post-main-image":false,"et-pb-post-main-image-fullwidth":false,"et-pb-portfolio-image":false,"et-pb-portfolio-module-image":false,"et-pb-portfolio-image-single":false,"et-pb-gallery-module-image-portrait":false,"et-pb-post-main-image-fullwidth-large":false,"et-pb-image--responsive--desktop":false,"et-pb-image--responsive--tablet":false,"et-pb-image--responsive--phone":false},"uagb_author_info":{"display_name":"Odile V","author_link":"https:\/\/leclosdesgites.com\/en\/author\/odile\/"},"uagb_comment_info":0,"uagb_excerpt":"Nos petites attentionsLes petites attentions d\u2019Odile et Laurent Le Clos des G\u00eetes fait tout pour vous proposer des services de qualit\u00e9, utiles et pratiques, parce que pour nous c\u2019est important de vous faciliter vos vacances avec nos petites attentions. C'est \u00e7a les vacances au Clos des G\u00eetesTout est pr\u00eat \u00e0 votre arriv\u00e9e Nous attachons une&hellip;","_links":{"self":[{"href":"https:\/\/leclosdesgites.com\/en\/wp-json\/wp\/v2\/pages\/6701"}],"collection":[{"href":"https:\/\/leclosdesgites.com\/en\/wp-json\/wp\/v2\/pages"}],"about":[{"href":"https:\/\/leclosdesgites.com\/en\/wp-json\/wp\/v2\/types\/page"}],"author":[{"embeddable":true,"href":"https:\/\/leclosdesgites.com\/en\/wp-json\/wp\/v2\/users\/2"}],"replies":[{"embeddable":true,"href":"https:\/\/leclosdesgites.com\/en\/wp-json\/wp\/v2\/comments?post=6701"}],"version-history":[{"count":12,"href":"https:\/\/leclosdesgites.com\/en\/wp-json\/wp\/v2\/pages\/6701\/revisions"}],"predecessor-version":[{"id":7013,"href":"https:\/\/leclosdesgites.com\/en\/wp-json\/wp\/v2\/pages\/6701\/revisions\/7013"}],"wp:attachment":[{"href":"https:\/\/leclosdesgites.com\/en\/wp-json\/wp\/v2\/media?parent=6701"}],"curies":[{"name":"wp","href":"https:\/\/api.w.org\/{rel}","templated":true}]}}