{"id":6688,"date":"2021-12-15T10:27:23","date_gmt":"2021-12-15T09:27:23","guid":{"rendered":"https:\/\/leclosdesgites.com\/?page_id=6688"},"modified":"2025-04-13T18:18:31","modified_gmt":"2025-04-13T16:18:31","slug":"a-voir-a-faire","status":"publish","type":"page","link":"https:\/\/leclosdesgites.com\/en\/a-voir-a-faire\/","title":{"rendered":"A voir\/A faire"},"content":{"rendered":"[et_pb_section fb_built=&#8221;1&#8243; bg_img_2=&#8221;https:\/\/leclosdesgites.com\/wp-content\/uploads\/2021\/12\/resort-02.jpg&#8221; use_background_color_gradient_2=&#8221;off&#8221; background_color_gradient_start_2=&#8221;rgba(255,255,255,0.65)&#8221; background_color_gradient_end_2=&#8221;rgba(255,255,255,0)&#8221; background_color_gradient_direction_2=&#8221;105deg&#8221; background_color_gradient_start_position_2=&#8221;0%&#8221; background_color_gradient_end_position_2=&#8221;76%&#8221; background_color_gradient_overlays_image_2=&#8221;on&#8221; admin_label=&#8221;Header&#8221; _builder_version=&#8221;4.14.2&#8243; background_color_gradient_start=&#8221;rgba(255,255,255,0.66)&#8221; background_color_gradient_end=&#8221;rgba(0,31,99,0)&#8221; background_image=&#8221;https:\/\/leclosdesgites.com\/wp-content\/uploads\/2021\/12\/sisteron-verneuil.jpg&#8221; custom_padding=&#8221;8vw|0px|0|0px|false|false&#8221; locked=&#8221;off&#8221; global_colors_info=&#8221;{}&#8221;][et_pb_row _builder_version=&#8221;4.14.2&#8243; background_color=&#8221;rgba(255,255,255,0)&#8221; max_width=&#8221;1160px&#8221; custom_padding=&#8221;|40px||40px||true&#8221; use_custom_width=&#8221;on&#8221; custom_width_px=&#8221;1160px&#8221; global_colors_info=&#8221;{}&#8221;][et_pb_column type=&#8221;4_4&#8243; _builder_version=&#8221;3.25&#8243; custom_padding=&#8221;|||&#8221; global_colors_info=&#8221;{}&#8221; custom_padding__hover=&#8221;|||&#8221;][et_pb_text _builder_version=&#8221;4.14.2&#8243; text_font=&#8221;Open Sans||||||||&#8221; text_line_height=&#8221;2em&#8221; header_font=&#8221;Gilda Display|700|||||||&#8221; header_text_color=&#8221;#FFFFFF&#8221; header_font_size=&#8221;6vw&#8221; header_line_height=&#8221;1.3em&#8221; header_2_font=&#8221;|700||on|||||&#8221; header_2_font_size=&#8221;16px&#8221; header_2_letter_spacing=&#8221;6px&#8221; header_2_line_height=&#8221;2em&#8221; header_3_font=&#8221;||||||||&#8221; max_width=&#8221;700px&#8221; custom_margin_tablet=&#8221;0vw||20px&#8221; header_font_size_tablet=&#8221;10vw&#8221; header_font_size_phone=&#8221;&#8221; header_font_size_last_edited=&#8221;on|phone&#8221; header_2_font_size_tablet=&#8221;&#8221; header_2_font_size_phone=&#8221;12px&#8221; header_2_font_size_last_edited=&#8221;on|phone&#8221; locked=&#8221;off&#8221; global_colors_info=&#8221;{}&#8221; header_3_font_size__hover=&#8221;22px&#8221; header_3_font_size__hover_enabled=&#8221;22px&#8221; header_3_letter_spacing__hover=&#8221;0px&#8221; header_3_letter_spacing__hover_enabled=&#8221;0px&#8221; header_3_line_height__hover=&#8221;1em&#8221; header_3_line_height__hover_enabled=&#8221;1em&#8221; header_3_text_shadow_style__hover=&#8221;none&#8221; header_3_text_shadow_style__hover_enabled=&#8221;none&#8221; header_3_text_shadow_color__hover=&#8221;rgba(0,0,0,0.4)&#8221; header_3_text_shadow_color__hover_enabled=&#8221;rgba(0,0,0,0.4)&#8221;]\n<h1>A voir \/ A faire<\/h1>\n[\/et_pb_text][\/et_pb_column][\/et_pb_row][\/et_pb_section][et_pb_section fb_built=&#8221;1&#8243; admin_label=&#8221;About Us&#8221; _builder_version=&#8221;3.22&#8243; custom_padding=&#8221;50.75px|0px|0|0px|false|false&#8221; global_colors_info=&#8221;{}&#8221;][et_pb_row column_structure=&#8221;2_3,1_3&#8243; _builder_version=&#8221;3.25&#8243; global_colors_info=&#8221;{}&#8221;][et_pb_column type=&#8221;2_3&#8243; _builder_version=&#8221;3.25&#8243; custom_padding=&#8221;|||&#8221; global_colors_info=&#8221;{}&#8221; custom_padding__hover=&#8221;|||&#8221;][et_pb_text _builder_version=&#8221;4.14.2&#8243; text_font=&#8221;Open Sans||||||||&#8221; text_text_color=&#8221;#303030&#8243; text_font_size=&#8221;17px&#8221; text_line_height=&#8221;2em&#8221; header_font=&#8221;||||||||&#8221; header_2_font=&#8221;Gilda Display|700|||||||&#8221; header_2_font_size=&#8221;44px&#8221; header_2_line_height=&#8221;1.2em&#8221; header_3_font=&#8221;Gilda Display|700|||||||&#8221; text_font_size_tablet=&#8221;17px&#8221; text_font_size_phone=&#8221;17px&#8221; text_font_size_last_edited=&#8221;on|desktop&#8221; header_2_font_size_tablet=&#8221;40px&#8221; header_2_font_size_phone=&#8221;30px&#8221; header_2_font_size_last_edited=&#8221;on|phone&#8221; locked=&#8221;off&#8221; global_colors_info=&#8221;{}&#8221;]\n<h2><span data-token-index=\"0\" class=\"notion-enable-hover\" data-reactroot=\"\">A voir pendant vos vacances au Clos des g\u00eetes<\/span><\/h2>\n<p>De magnifiques lieux culturels et de beaux paysages naturels \u00e0 d\u00e9couvrir \u00e0 Sisteron et ses environs pr\u00e8s de votre maison de vacances !<\/p>\n<p>&nbsp;<\/p>\n<h3><span data-token-index=\"0\" class=\"notion-enable-hover\" data-reactroot=\"\">L\u2019incontournable Citadelle de Sisteron<\/span><\/h3>\n<p><span data-token-index=\"0\" class=\"notion-enable-hover\" data-reactroot=\"\">En effet, c\u2019est une impressionnante citadelle, visible de tr\u00e8s loin. Elle reste le v\u00e9ritable embl\u00e8me de la ville de Sisteron et des Alpes-de-H<\/span><span data-token-index=\"0\" class=\"notion-enable-hover\" data-reactroot=\"\">aute-Provence. Au cours de l\u2019\u00e9t\u00e9, ce sont de v\u00e9ritables spectacles de sons et lumi\u00e8res, des feux d\u2019artifice, des animations et combats moyen\u00e2geux qui vont vous surprendre. Mais vous appr\u00e9cierez aussi de sa belle hauteur, la magnifique vue sur la Baume et la Dura<\/span><span data-token-index=\"0\" class=\"notion-enable-hover\" data-reactroot=\"\">nce. <\/span><span data-token-index=\"0\" class=\"notion-enable-hover\" data-reactroot=\"\">C\u2019est pour cela que le festival de Sisteron est l\u2019un des premiers en France. Je vous invite donc, \u00e0 noter tr\u00e8s vite sur vos agendas toutes ces pr\u00e9cieuses dates d\u2019\u00e9v\u00e9nements uniques \u00e0 la citadelle de Sisteron, d\u00e8s que vous \u00eates de passage dans la r\u00e9gion. Mais aussi la ville de Sisteron, elle vous surprendra.<\/span><\/p>\n<p><span data-token-index=\"0\" class=\"notion-enable-hover\" data-reactroot=\"\"><\/span><\/p>\n<h2><span data-token-index=\"0\" class=\"notion-enable-hover\" data-reactroot=\"\"><img decoding=\"async\" loading=\"lazy\" src=\"https:\/\/leclosdesgites.com\/wp-content\/uploads\/2021\/12\/citadelle-de-sisteron-300x199.jpg\" width=\"300\" height=\"199\" alt=\"\" class=\"wp-image-6696 alignnone size-medium\" \/><\/span><\/h2>\n<p><span data-token-index=\"0\" class=\"notion-enable-hover\" data-reactroot=\"\"><\/span><\/p>\n<h3><span data-token-index=\"0\" class=\"notion-enable-hover\" data-reactroot=\"\">Les Gorges de la M\u00e9ouge, \u00e0 voir absolument<\/span><\/h3>\n<p><span data-token-index=\"0\" class=\"notion-enable-hover\" data-reactroot=\"\">Ce sont de v\u00e9ritables p<\/span><span data-token-index=\"0\" class=\"notion-enable-hover\" data-reactroot=\"\">iscines naturelles. Elles sont situ\u00e9es seulement \u00e0 5 km au sud-ouest de Laragne. Les gorges de la M\u00e9ouge sont donc d\u00e9sign\u00e9es comme une merveille des Alpes-de-Haute-Provence. C\u2019est un lieu r\u00e9put\u00e9 et incontournable pour ses baignades et ses promenades. Elles font parties du Parc r\u00e9gional des Baronnies proven\u00e7ales, autre lieu mythique de la r\u00e9gion. Un pur r\u00e9gal, il est vivement conseill\u00e9 de partir \u00e0 la journ\u00e9e, afin de profiter un maximum. Vous pouvez pr\u00e9voir votre pique-nique, votre maillot de bain, un\u00a0<\/span><span data-token-index=\"0\" class=\"notion-enable-hover\" data-reactroot=\"\">parasol et vos bouteilles d\u2019eau\u2026 tous les ingr\u00e9dients y sont pour passer une belle et excellente journ\u00e9e. L\u2019<a href=\"http:\/\/www.baladeenprovence.com\/Les-gorges-de-la-Meouge\" class=\"notion-link-token notion-enable-hover\" target=\"_blank\" rel=\"noopener noreferrer\" data-token-index=\"1\" data-reactroot=\"\"><span class=\"link-annotation-unknown-block-id-1845568214\">association balade en Provence<\/span><\/a>, vous propose des itin\u00e9raires.<\/span><\/p>\n<h3><span data-token-index=\"0\" class=\"notion-enable-hover\" data-reactroot=\"\"><img decoding=\"async\" loading=\"lazy\" src=\"https:\/\/leclosdesgites.com\/wp-content\/uploads\/2021\/12\/48993436972_6c4e5fac99_b-300x200.jpg\" width=\"300\" height=\"200\" alt=\"\" class=\"wp-image-6695 alignnone size-medium\" \/><\/span><\/h3>\n<p><span data-token-index=\"0\" class=\"notion-enable-hover\" data-reactroot=\"\">Le\u00a0Clos des g<\/span><span data-token-index=\"0\" class=\"notion-enable-hover\" data-reactroot=\"\">\u00eete<\/span><span data-token-index=\"0\" class=\"notion-enable-hover\" data-reactroot=\"\">s\u00a0met \u00e0 disposition\u00a0<\/span><span data-token-index=\"0\" class=\"notion-enable-hover\" data-reactroot=\"\">dans chaque g\u00eete, des cartes de la r\u00e9gion et des informations utiles pour que votre s\u00e9jour soit r\u00e9ussi.<\/span><\/p>\n[\/et_pb_text][et_pb_button button_url=&#8221;https:\/\/leclosdesgites.com\/contact-reservation\/&#8221; button_text=&#8221;Je r\u00e9serve mon s\u00e9jour&#8221; button_alignment=&#8221;center&#8221; _builder_version=&#8221;4.14.2&#8243; _module_preset=&#8221;default&#8221; custom_button=&#8221;on&#8221; button_text_color=&#8221;#000000&#8243; button_bg_color=&#8221;#ffc315&#8243; button_border_color=&#8221;RGBA(255,255,255,0)&#8221; global_colors_info=&#8221;{}&#8221;][\/et_pb_button][\/et_pb_column][et_pb_column type=&#8221;1_3&#8243; _builder_version=&#8221;3.25&#8243; custom_padding=&#8221;|||&#8221; global_colors_info=&#8221;{}&#8221; custom_padding__hover=&#8221;|||&#8221;][et_pb_text _builder_version=&#8221;4.14.2&#8243; text_font=&#8221;||||||||&#8221; text_text_color=&#8221;#303030&#8243; text_font_size=&#8221;16px&#8221; text_line_height=&#8221;2em&#8221; header_font=&#8221;||||||||&#8221; header_line_height=&#8221;0.8em&#8221; header_2_font=&#8221;Gilda Display||||||||&#8221; header_2_font_size=&#8221;60px&#8221; header_2_line_height=&#8221;1.2em&#8221; header_3_font=&#8221;Gilda Display|700|||||||&#8221; header_3_line_height=&#8221;1.5em&#8221; text_font_size_tablet=&#8221;16px&#8221; text_font_size_phone=&#8221;16px&#8221; text_font_size_last_edited=&#8221;on|desktop&#8221; header_2_font_size_tablet=&#8221;40px&#8221; header_2_font_size_phone=&#8221;30px&#8221; header_2_font_size_last_edited=&#8221;on|phone&#8221; global_colors_info=&#8221;{}&#8221;]\n<h3>A faire pendant vos vacances au Clos des G\u00eetes<\/h3>\n<p>&nbsp;<\/p>\n<p><strong><span data-token-index=\"0\" class=\"notion-enable-hover\" data-reactroot=\"\">La montagne de Lure :<\/span><\/strong><!-- --><\/p>\n<p><span data-token-index=\"0\" class=\"notion-enable-hover\" data-reactroot=\"\">La montagne d\u00e9voile ses secrets tout au long des chemins. Vous d\u00e9couvrirez des randonn\u00e9es appropri\u00e9es au niveau des plus petits comme des grands. De la cueillette des m\u00fbres, de fleurs, de thym et de lavande, votre parcours saura activer vos sens .\u00a0<\/span><span data-token-index=\"0\" class=\"notion-enable-hover\" data-reactroot=\"\">Les chemins de ra<\/span><span data-token-index=\"0\" class=\"notion-enable-hover\" data-reactroot=\"\">ndonn\u00e9es d\u00e9marrent du\u00a0Clos des g\u00eetes, \u00e0 20 m\u00e8tres seulement de votre maison de vacances<\/span><\/p>\n<h3><img decoding=\"async\" loading=\"lazy\" src=\"https:\/\/leclosdesgites.com\/wp-content\/uploads\/2021\/12\/montagne-de-lure--300x182.jpg\" width=\"300\" height=\"182\" alt=\"\" class=\"wp-image-6697 alignnone size-medium\" style=\"font-size: 16px;\" \/><\/h3>\n<p><strong><span data-token-index=\"0\" class=\"notion-enable-hover\" data-reactroot=\"\">Notre village de Chabannes :<\/span><\/strong><\/p>\n<p><span data-token-index=\"0\" class=\"notion-enable-hover\" data-reactroot=\"\">C\u2019est une autre \u00e9nigm<\/span><span data-token-index=\"0\" class=\"notion-enable-hover\" data-reactroot=\"\">e de Chateauneuf Val st Donat. Un\u00a0village fant\u00f4me, abandonn\u00e9, qui a conserv\u00e9 tout son charme. Les vues du haut de la Durance, vous permettront de d\u00e9couvrir les p\u00e9nitents des M\u00e9\u00e9s, la chapelle , le Trou de l\u2019Ermite ainsi que des habitations laiss\u00e9es au bon vent de Lure.<\/span><\/p>\n<p>&nbsp;<\/p>\n<h3><\/h3>\n<p><strong><span data-token-index=\"0\" class=\"notion-enable-hover\" data-reactroot=\"\">Nos bonnes adresses ainsi que nos partenaires d&#8217;activit\u00e9s :<\/span><\/strong><\/p>\n<p><span data-token-index=\"0\" class=\"notion-enable-hover\" data-reactroot=\"\">Les\u00a0<a href=\"http:\/\/www.lescopainsrandonneurs04.fr\" class=\"notion-link-token notion-enable-hover\" target=\"_blank\" rel=\"noopener noreferrer\" data-token-index=\"1\" data-reactroot=\"\"><span class=\"link-annotation-unknown-block-id-978069620\">copains randonneurs du 04<\/span><\/a>\u00a0se feront un plaisir de vous emmener et vous indiquer les chemins pittoresques de notre charmante r\u00e9gion<\/span><\/p>\n[\/et_pb_text][\/et_pb_column][\/et_pb_row][\/et_pb_section]\n","protected":false},"excerpt":{"rendered":"<p>A voir \/ A faireA voir pendant vos vacances au Clos des g\u00eetes De magnifiques lieux culturels et de beaux paysages naturels \u00e0 d\u00e9couvrir \u00e0 Sisteron et ses environs pr\u00e8s de votre maison de vacances ! &nbsp; L\u2019incontournable Citadelle de Sisteron En effet, c\u2019est une impressionnante citadelle, visible de tr\u00e8s loin. Elle reste le v\u00e9ritable [&hellip;]<\/p>\n","protected":false},"author":2,"featured_media":0,"parent":0,"menu_order":0,"comment_status":"closed","ping_status":"closed","template":"","meta":{"_et_pb_use_builder":"on","_et_pb_old_content":"","_et_gb_content_width":"","content-type":"","_uag_custom_page_level_css":"","_monsterinsights_skip_tracking":false,"_monsterinsights_sitenote_active":false,"_monsterinsights_sitenote_note":"","_monsterinsights_sitenote_category":0,"_uf_show_specific_survey":0,"_uf_disable_surveys":false},"yoast_head":"<!-- This site is optimized with the Yoast SEO plugin v21.8.1 - https:\/\/yoast.com\/wordpress\/plugins\/seo\/ -->\n<title>A voir\/A faire<\/title>\n<meta name=\"robots\" content=\"index, follow, max-snippet:-1, max-image-preview:large, max-video-preview:-1\" \/>\n<link rel=\"canonical\" href=\"https:\/\/leclosdesgites.com\/en\/a-voir-a-faire\/\" \/>\n<meta property=\"og:locale\" content=\"en_US\" \/>\n<meta property=\"og:locale:alternate\" content=\"fr_FR\" \/>\n<meta property=\"og:type\" content=\"article\" \/>\n<meta property=\"og:title\" content=\"A voir\/A faire\" \/>\n<meta property=\"og:description\" content=\"A voir \/ A faireA voir pendant vos vacances au Clos des g\u00eetes De magnifiques lieux culturels et de beaux paysages naturels \u00e0 d\u00e9couvrir \u00e0 Sisteron et ses environs pr\u00e8s de votre maison de vacances ! &nbsp; L\u2019incontournable Citadelle de Sisteron En effet, c\u2019est une impressionnante citadelle, visible de tr\u00e8s loin. Elle reste le v\u00e9ritable [&hellip;]\" \/>\n<meta property=\"og:url\" content=\"https:\/\/leclosdesgites.com\/en\/a-voir-a-faire\/\" \/>\n<meta property=\"og:site_name\" content=\"Le Clos des Gites\" \/>\n<meta property=\"article:publisher\" content=\"https:\/\/www.facebook.com\/leclosdesgites\/\" \/>\n<meta property=\"article:modified_time\" content=\"2025-04-13T16:18:31+00:00\" \/>\n<meta property=\"og:image\" content=\"https:\/\/leclosdesgites.com\/wp-content\/uploads\/2021\/12\/citadelle-de-sisteron-300x199.jpg\" \/>\n<meta name=\"twitter:card\" content=\"summary_large_image\" \/>\n<script type=\"application\/ld+json\" class=\"yoast-schema-graph\">{\"@context\":\"https:\/\/schema.org\",\"@graph\":[{\"@type\":\"WebPage\",\"@id\":\"https:\/\/leclosdesgites.com\/a-voir-a-faire\/\",\"url\":\"https:\/\/leclosdesgites.com\/a-voir-a-faire\/\",\"name\":\"A voir\/A faire\",\"isPartOf\":{\"@id\":\"https:\/\/leclosdesgites.com\/#website\"},\"datePublished\":\"2021-12-15T09:27:23+00:00\",\"dateModified\":\"2025-04-13T16:18:31+00:00\",\"breadcrumb\":{\"@id\":\"https:\/\/leclosdesgites.com\/a-voir-a-faire\/#breadcrumb\"},\"inLanguage\":\"en-US\",\"potentialAction\":[{\"@type\":\"ReadAction\",\"target\":[\"https:\/\/leclosdesgites.com\/a-voir-a-faire\/\"]}]},{\"@type\":\"BreadcrumbList\",\"@id\":\"https:\/\/leclosdesgites.com\/a-voir-a-faire\/#breadcrumb\",\"itemListElement\":[{\"@type\":\"ListItem\",\"position\":1,\"name\":\"Accueil\",\"item\":\"https:\/\/leclosdesgites.com\/\"},{\"@type\":\"ListItem\",\"position\":2,\"name\":\"A voir\/A faire\"}]},{\"@type\":\"WebSite\",\"@id\":\"https:\/\/leclosdesgites.com\/#website\",\"url\":\"https:\/\/leclosdesgites.com\/\",\"name\":\"Le Clos des Gites\",\"description\":\"Gite familial avec piscine dans les Alpes de Haute Provence\",\"potentialAction\":[{\"@type\":\"SearchAction\",\"target\":{\"@type\":\"EntryPoint\",\"urlTemplate\":\"https:\/\/leclosdesgites.com\/?s={search_term_string}\"},\"query-input\":\"required name=search_term_string\"}],\"inLanguage\":\"en-US\"}]}<\/script>\n<!-- \/ Yoast SEO plugin. -->","yoast_head_json":{"title":"A voir\/A faire","robots":{"index":"index","follow":"follow","max-snippet":"max-snippet:-1","max-image-preview":"max-image-preview:large","max-video-preview":"max-video-preview:-1"},"canonical":"https:\/\/leclosdesgites.com\/en\/a-voir-a-faire\/","og_locale":"en_US","og_type":"article","og_title":"[:fr]A voir\/A faire[:] - Le Clos des Gites","og_description":"A voir \/ A faireA voir pendant vos vacances au Clos des g\u00eetes De magnifiques lieux culturels et de beaux paysages naturels \u00e0 d\u00e9couvrir \u00e0 Sisteron et ses environs pr\u00e8s de votre maison de vacances ! &nbsp; L\u2019incontournable Citadelle de Sisteron En effet, c\u2019est une impressionnante citadelle, visible de tr\u00e8s loin. Elle reste le v\u00e9ritable [&hellip;]","og_url":"https:\/\/leclosdesgites.com\/en\/a-voir-a-faire\/","og_site_name":"Le Clos des Gites","article_publisher":"https:\/\/www.facebook.com\/leclosdesgites\/","article_modified_time":"2025-04-13T16:18:31+00:00","og_image":[{"url":"https:\/\/leclosdesgites.com\/wp-content\/uploads\/2021\/12\/citadelle-de-sisteron-300x199.jpg"}],"twitter_card":"summary_large_image","schema":{"@context":"https:\/\/schema.org","@graph":[{"@type":"WebPage","@id":"https:\/\/leclosdesgites.com\/a-voir-a-faire\/","url":"https:\/\/leclosdesgites.com\/a-voir-a-faire\/","name":"A voir\/A faire","isPartOf":{"@id":"https:\/\/leclosdesgites.com\/#website"},"datePublished":"2021-12-15T09:27:23+00:00","dateModified":"2025-04-13T16:18:31+00:00","breadcrumb":{"@id":"https:\/\/leclosdesgites.com\/a-voir-a-faire\/#breadcrumb"},"inLanguage":"en-US","potentialAction":[{"@type":"ReadAction","target":["https:\/\/leclosdesgites.com\/a-voir-a-faire\/"]}]},{"@type":"BreadcrumbList","@id":"https:\/\/leclosdesgites.com\/a-voir-a-faire\/#breadcrumb","itemListElement":[{"@type":"ListItem","position":1,"name":"Accueil","item":"https:\/\/leclosdesgites.com\/"},{"@type":"ListItem","position":2,"name":"A voir\/A faire"}]},{"@type":"WebSite","@id":"https:\/\/leclosdesgites.com\/#website","url":"https:\/\/leclosdesgites.com\/","name":"Le Clos des Gites","description":"Gite familial avec piscine dans les Alpes de Haute Provence","potentialAction":[{"@type":"SearchAction","target":{"@type":"EntryPoint","urlTemplate":"https:\/\/leclosdesgites.com\/?s={search_term_string}"},"query-input":"required name=search_term_string"}],"inLanguage":"en-US"}]}},"jetpack_sharing_enabled":true,"uagb_featured_image_src":{"full":false,"thumbnail":false,"medium":false,"medium_large":false,"large":false,"1536x1536":false,"2048x2048":false,"et-pb-post-main-image":false,"et-pb-post-main-image-fullwidth":false,"et-pb-portfolio-image":false,"et-pb-portfolio-module-image":false,"et-pb-portfolio-image-single":false,"et-pb-gallery-module-image-portrait":false,"et-pb-post-main-image-fullwidth-large":false,"et-pb-image--responsive--desktop":false,"et-pb-image--responsive--tablet":false,"et-pb-image--responsive--phone":false},"uagb_author_info":{"display_name":"Odile V","author_link":"https:\/\/leclosdesgites.com\/en\/author\/odile\/"},"uagb_comment_info":0,"uagb_excerpt":"A voir \/ A faireA voir pendant vos vacances au Clos des g\u00eetes De magnifiques lieux culturels et de beaux paysages naturels \u00e0 d\u00e9couvrir \u00e0 Sisteron et ses environs pr\u00e8s de votre maison de vacances ! &nbsp; L\u2019incontournable Citadelle de Sisteron En effet, c\u2019est une impressionnante citadelle, visible de tr\u00e8s loin. Elle reste le v\u00e9ritable&hellip;","_links":{"self":[{"href":"https:\/\/leclosdesgites.com\/en\/wp-json\/wp\/v2\/pages\/6688"}],"collection":[{"href":"https:\/\/leclosdesgites.com\/en\/wp-json\/wp\/v2\/pages"}],"about":[{"href":"https:\/\/leclosdesgites.com\/en\/wp-json\/wp\/v2\/types\/page"}],"author":[{"embeddable":true,"href":"https:\/\/leclosdesgites.com\/en\/wp-json\/wp\/v2\/users\/2"}],"replies":[{"embeddable":true,"href":"https:\/\/leclosdesgites.com\/en\/wp-json\/wp\/v2\/comments?post=6688"}],"version-history":[{"count":22,"href":"https:\/\/leclosdesgites.com\/en\/wp-json\/wp\/v2\/pages\/6688\/revisions"}],"predecessor-version":[{"id":6981,"href":"https:\/\/leclosdesgites.com\/en\/wp-json\/wp\/v2\/pages\/6688\/revisions\/6981"}],"wp:attachment":[{"href":"https:\/\/leclosdesgites.com\/en\/wp-json\/wp\/v2\/media?parent=6688"}],"curies":[{"name":"wp","href":"https:\/\/api.w.org\/{rel}","templated":true}]}}